{"id":14567,"date":"2024-10-03T14:03:38","date_gmt":"2024-10-03T14:03:38","guid":{"rendered":"https:\/\/egyptologisttourguide.com\/product\/decouvrez-la-rive-orientale-de-louxor-un-voyage-dans-le-temps\/"},"modified":"2024-12-19T22:20:17","modified_gmt":"2024-12-19T22:20:17","slug":"decouvrez-la-rive-orientale-de-louxor-un-voyage-dans-le-temps","status":"publish","type":"product","link":"https:\/\/egyptologisttourguide.com\/fr\/product\/decouvrez-la-rive-orientale-de-louxor-un-voyage-dans-le-temps\/","title":{"rendered":"Voyage Enchanteur \u00e0  Louxor Rive Est : Temples et Histoire"},"content":{"rendered":"<p><span style=\"font-weight: 400;\">Explorez les merveilles historiques et culturelles de la Louxor Rive Est, un voyage captivant au c\u0153ur de l&rsquo;\u00c9gypte Ancienne. Cette excursion d&rsquo;une demi-journ\u00e9e vous emm\u00e8nera \u00e0 la d\u00e9couverte des temples embl\u00e9matiques de Karnak et de Louxor, vous plongeant dans la grandeur de la Civilisation \u00c9gyptienne. Pr\u00e9parez-vous \u00e0 \u00eatre \u00e9merveill\u00e9 par l&rsquo;architecture monumentale et les r\u00e9cits fascinants de ces sites historiques. Plongez dans une exp\u00e9rience inoubliable et d\u00e9couvrez la magie de Louxor Rive Est.<\/span><\/p>\n<h3><span style=\"color: #b97f2e;\">Le prix:<\/span><\/h3>\n<p><span style=\"font-weight: 400;\">\u00c0 Partir<\/span><span style=\"font-weight: 400;\"> de\u00a0 25 Euros\u00a0\u00a0\u00a0<\/span><\/p>\n<p>&nbsp;<\/p>\n<h3><span style=\"color: #b97f2e;\">Noter:<\/span><\/h3>\n<h4>R\u00e9servez maintenant et payez plus tard<\/h4>\n<h3><span style=\"color: #b97f2e;\"><strong>Veuillez note<\/strong><\/span><\/h3>\n<p><span style=\"font-weight: 400;\">Le prix varie selon la taille du groupe et\u00a0 la date<\/span><\/p>\n","protected":false},"excerpt":{"rendered":"<p><span style=\"font-weight: 400;\">D\u00e9couvrez les tr\u00e9sors historiques de la Louxor Rive Est : temples de Karnak et de Louxor, Avenue des Sphinx. Une aventure \u00e9gyptienne inoubliable vous attend.<\/span><\/p>\n","protected":false},"featured_media":14566,"template":"","meta":[],"product_brand":[],"product_cat":[67],"product_tag":[],"class_list":{"0":"post-14567","1":"product","2":"type-product","3":"status-publish","4":"has-post-thumbnail","6":"product_cat-temple-fr","8":"first","9":"instock","10":"shipping-taxable","11":"product-type-ovabrw_car_rental"},"_links":{"self":[{"href":"https:\/\/egyptologisttourguide.com\/fr\/wp-json\/wp\/v2\/product\/14567","targetHints":{"allow":["GET"]}}],"collection":[{"href":"https:\/\/egyptologisttourguide.com\/fr\/wp-json\/wp\/v2\/product"}],"about":[{"href":"https:\/\/egyptologisttourguide.com\/fr\/wp-json\/wp\/v2\/types\/product"}],"wp:featuredmedia":[{"embeddable":true,"href":"https:\/\/egyptologisttourguide.com\/fr\/wp-json\/wp\/v2\/media\/14566"}],"wp:attachment":[{"href":"https:\/\/egyptologisttourguide.com\/fr\/wp-json\/wp\/v2\/media?parent=14567"}],"wp:term":[{"taxonomy":"product_brand","embeddable":true,"href":"https:\/\/egyptologisttourguide.com\/fr\/wp-json\/wp\/v2\/product_brand?post=14567"},{"taxonomy":"product_cat","embeddable":true,"href":"https:\/\/egyptologisttourguide.com\/fr\/wp-json\/wp\/v2\/product_cat?post=14567"},{"taxonomy":"product_tag","embeddable":true,"href":"https:\/\/egyptologisttourguide.com\/fr\/wp-json\/wp\/v2\/product_tag?post=14567"}],"curies":[{"name":"wp","href":"https:\/\/api.w.org\/{rel}","templated":true}]}}