{"id":14569,"date":"2024-10-05T08:13:59","date_gmt":"2024-10-05T08:13:59","guid":{"rendered":"https:\/\/egyptologisttourguide.com\/?post_type=product&#038;p=14569"},"modified":"2024-12-19T23:06:40","modified_gmt":"2024-12-19T23:06:40","slug":"decouvrez-la-rive-orientale-de-louxor-un-voyage-dans-le-temps-copy","status":"publish","type":"product","link":"https:\/\/egyptologisttourguide.com\/fr\/product\/decouvrez-la-rive-orientale-de-louxor-un-voyage-dans-le-temps-copy\/","title":{"rendered":"D\u00e9couvrez la rive orientale de Louxor : Un voyage dans le temps (Copy)"},"content":{"rendered":"<p><span style=\"font-weight: 400;\">Commencez une aventure inoubliable avec notre visite de la rive est de Louxor, o\u00f9 l&rsquo;histoire prend vie du c\u00f4t\u00e9 est de Louxor, en \u00c9gypte.<br \/>\nCette visite d&rsquo;une demi-journ\u00e9e vous plonge dans la grandeur de l&rsquo;ancienne civilisation \u00e9gyptienne, en mettant l&rsquo;accent sur deux des temples les plus importants : Karnak et Louxor.<br \/>\nEn parcourant ces sites antiques, vous d\u00e9couvrirez les secrets et la splendeur d&rsquo;une civilisation qui fascine les historiens depuis des si\u00e8cles. <\/span><\/p>\n<table class=\"tours-tabs_table\">\n<tbody>\n<tr>\n<td><strong>INCLUDE<\/strong><\/td>\n<td>\n<table>\n<tbody>\n<tr>\n<td><i class=\"fa fa-check icon-tick icon-tick--on\"><\/i>Prise en charge \u00e0 votre h\u00f4tel \u00e0 Louxor et retour<\/td>\n<\/tr>\n<tr>\n<td><i class=\"fa fa-check icon-tick icon-tick--on\"><\/i>Tous les transferts en v\u00e9hicule priv\u00e9 climatis\u00e9<\/td>\n<\/tr>\n<tr>\n<td><i class=\"fa fa-check icon-tick icon-tick--on\"><\/i>Excursions guid\u00e9es avec un guide \u00e9gyptologue<\/td>\n<\/tr>\n<tr>\n<td><i class=\"fa fa-check icon-tick icon-tick--on\"><\/i>Bouteille d&rsquo;eau.<\/td>\n<\/tr>\n<tr>\n<td><i class=\"fa fa-check icon-tick icon-tick--on\"><\/i>D\u00c9JEUNER<\/td>\n<\/tr>\n<tr>\n<td><i class=\"fa fa-check icon-tick icon-tick--on\"><\/i>Tous les frais de service et les taxes<\/td>\n<\/tr>\n<\/tbody>\n<\/table>\n<\/td>\n<\/tr>\n<tr>\n<td><b>NON COMPRIS<\/b><\/td>\n<td>\n<table>\n<tbody>\n<tr>\n<td><i class=\"fa fa-times icon-tick icon-tick--off\"><\/i>Frais d&rsquo;entr\u00e9e pour tous les sites mentionn\u00e9s (payables par carte de cr\u00e9dit, environ 17 USD par personne).<\/td>\n<\/tr>\n<tr>\n<td><i class=\"fa fa-times icon-tick icon-tick--off\"><\/i>Boissons<\/td>\n<\/tr>\n<tr>\n<td><i class=\"fa fa-times icon-tick icon-tick--off\"><\/i>D\u00e9penses personnelles<\/td>\n<\/tr>\n<tr>\n<td><i class=\"fa fa-times icon-tick icon-tick--off\"><\/i>Pourboires facultatifs<\/td>\n<\/tr>\n<tr>\n<td><i class=\"fa fa-times icon-tick icon-tick--off\"><\/i>Suppl\u00e9ments \u00e9ventuels<\/td>\n<\/tr>\n<tr>\n<td><i class=\"fa fa-times icon-tick icon-tick--off\"><\/i>Pourboire pour le guide et le chauffeur<\/td>\n<\/tr>\n<tr>\n<td><i class=\"fa fa-times icon-tick icon-tick--off\"><\/i>Tous les billets d&rsquo;avion<\/td>\n<\/tr>\n<\/tbody>\n<\/table>\n<\/td>\n<\/tr>\n<\/tbody>\n<\/table>\n<h3><span style=\"color: #b97f2e;\">Le prix :<\/span><\/h3>\n<p><b>\u00a0A partir de<\/b><b> 25 Euro \/ personne<\/b><\/p>\n<h3><span style=\"color: #b97f2e;\">Note :<\/span><\/h3>\n<h4>R\u00e9servez maintenant et payez plus tard<\/h4>\n<h3><span style=\"color: #b97f2e;\"><strong>Veuillez noter :<\/strong><\/span><\/h3>\n<p><b>Le prix varie en fonction de la taille du groupe et de la date. <\/b><\/p>\n<p>&nbsp;<\/p>\n<p>&nbsp;<\/p>\n<p>&nbsp;<\/p>\n<p>&nbsp;<\/p>\n<p>&nbsp;<\/p>\n","protected":false},"excerpt":{"rendered":"<p><span style=\"font-weight: 400;\">D\u00e9couvrez la rive est de Louxor en visitant le temple de Karnak, le temple de Louxor et l&rsquo;avenue des sphinx lors de notre visite immersive d&rsquo;une demi-journ\u00e9e.<\/span><\/p>\n","protected":false},"featured_media":14566,"template":"","meta":[],"product_brand":[],"product_cat":[66,67],"product_tag":[],"class_list":{"0":"post-14569","1":"product","2":"type-product","3":"status-publish","4":"has-post-thumbnail","6":"product_cat-non-classe","7":"product_cat-temple-fr","9":"first","10":"instock","11":"shipping-taxable","12":"product-type-ovabrw_car_rental"},"_links":{"self":[{"href":"https:\/\/egyptologisttourguide.com\/fr\/wp-json\/wp\/v2\/product\/14569","targetHints":{"allow":["GET"]}}],"collection":[{"href":"https:\/\/egyptologisttourguide.com\/fr\/wp-json\/wp\/v2\/product"}],"about":[{"href":"https:\/\/egyptologisttourguide.com\/fr\/wp-json\/wp\/v2\/types\/product"}],"wp:featuredmedia":[{"embeddable":true,"href":"https:\/\/egyptologisttourguide.com\/fr\/wp-json\/wp\/v2\/media\/14566"}],"wp:attachment":[{"href":"https:\/\/egyptologisttourguide.com\/fr\/wp-json\/wp\/v2\/media?parent=14569"}],"wp:term":[{"taxonomy":"product_brand","embeddable":true,"href":"https:\/\/egyptologisttourguide.com\/fr\/wp-json\/wp\/v2\/product_brand?post=14569"},{"taxonomy":"product_cat","embeddable":true,"href":"https:\/\/egyptologisttourguide.com\/fr\/wp-json\/wp\/v2\/product_cat?post=14569"},{"taxonomy":"product_tag","embeddable":true,"href":"https:\/\/egyptologisttourguide.com\/fr\/wp-json\/wp\/v2\/product_tag?post=14569"}],"curies":[{"name":"wp","href":"https:\/\/api.w.org\/{rel}","templated":true}]}}