{"id":14598,"date":"2024-10-03T13:50:55","date_gmt":"2024-10-03T13:50:55","guid":{"rendered":"https:\/\/egyptologisttourguide.com\/product\/discover-the-majestic-pyramids-and-egyptian-museum-tour\/"},"modified":"2024-12-19T22:25:06","modified_gmt":"2024-12-19T22:25:06","slug":"discover-the-majestic-pyramids-and-egyptian-museum-tour","status":"publish","type":"product","link":"https:\/\/egyptologisttourguide.com\/fr\/product\/discover-the-majestic-pyramids-and-egyptian-museum-tour\/","title":{"rendered":"Visite d&rsquo;une Journ\u00e9e au Caire : Pyramides et Mus\u00e9e des Antiquit\u00e9s \u00c9gyptiennes."},"content":{"rendered":"<p><span style=\"font-weight: 400;\">D\u00e9couvrez l&rsquo;essence de l&rsquo;\u00c9gypte Ancienne avec notre visite d&rsquo;une journ\u00e9e des pyramides et du Mus\u00e9e\u00a0 des Antiquit\u00e9s \u00c9gyptiennnes. Un \u00e9gyptologue expert vous guidera \u00e0 travers ces tr\u00e9sors historiques.<\/span><\/p>\n<h3><span style=\"color: #b97f2e;\">Le prix:<\/span><\/h3>\n<p><span style=\"font-weight: 400;\">\u00c0 Partir<\/span><span style=\"font-weight: 400;\"> de\u00a0 36 Euros\u00a0\u00a0\u00a0<\/span><\/p>\n<h3><span style=\"color: #b97f2e;\">Noter:<\/span><\/h3>\n<h4>R\u00e9servez maintenant et payez plus tard<\/h4>\n<h3><span style=\"color: #b97f2e;\"><strong>Veuillez noter:<\/strong><\/span><\/h3>\n<p><span style=\"font-weight: 400;\">Le prix varie selon la taille du groupe et\u00a0 la date<\/span><\/p>\n<p>&nbsp;<\/p>\n","protected":false},"excerpt":{"rendered":"<p>Visitez les Pyramides de Gizeh et le Mus\u00e9e des Antiquit\u00e9s \u00c9gyptiennes en une journ\u00e9e avec un guide \u00e9gyptologue. Plongez dans l&rsquo;histoire fascinante de l&rsquo;\u00c9gypte Ancienne.<\/p>\n","protected":false},"featured_media":14565,"template":"","meta":[],"product_brand":[],"product_cat":[67],"product_tag":[],"class_list":{"0":"post-14598","1":"product","2":"type-product","3":"status-publish","4":"has-post-thumbnail","6":"product_cat-temple-fr","8":"first","9":"instock","10":"shipping-taxable","11":"product-type-ovabrw_car_rental"},"_links":{"self":[{"href":"https:\/\/egyptologisttourguide.com\/fr\/wp-json\/wp\/v2\/product\/14598","targetHints":{"allow":["GET"]}}],"collection":[{"href":"https:\/\/egyptologisttourguide.com\/fr\/wp-json\/wp\/v2\/product"}],"about":[{"href":"https:\/\/egyptologisttourguide.com\/fr\/wp-json\/wp\/v2\/types\/product"}],"wp:featuredmedia":[{"embeddable":true,"href":"https:\/\/egyptologisttourguide.com\/fr\/wp-json\/wp\/v2\/media\/14565"}],"wp:attachment":[{"href":"https:\/\/egyptologisttourguide.com\/fr\/wp-json\/wp\/v2\/media?parent=14598"}],"wp:term":[{"taxonomy":"product_brand","embeddable":true,"href":"https:\/\/egyptologisttourguide.com\/fr\/wp-json\/wp\/v2\/product_brand?post=14598"},{"taxonomy":"product_cat","embeddable":true,"href":"https:\/\/egyptologisttourguide.com\/fr\/wp-json\/wp\/v2\/product_cat?post=14598"},{"taxonomy":"product_tag","embeddable":true,"href":"https:\/\/egyptologisttourguide.com\/fr\/wp-json\/wp\/v2\/product_tag?post=14598"}],"curies":[{"name":"wp","href":"https:\/\/api.w.org\/{rel}","templated":true}]}}