{"id":14608,"date":"2024-10-03T13:45:19","date_gmt":"2024-10-03T13:45:19","guid":{"rendered":"https:\/\/egyptologisttourguide.com\/product\/luxor-to-aswan-a-captivating-dahabiya-cruise-journey\/"},"modified":"2024-12-19T22:36:44","modified_gmt":"2024-12-19T22:36:44","slug":"luxor-to-aswan-a-captivating-dahabiya-cruise-journey","status":"publish","type":"product","link":"https:\/\/egyptologisttourguide.com\/fr\/product\/luxor-to-aswan-a-captivating-dahabiya-cruise-journey\/","title":{"rendered":"Croisi\u00e8re en Dahabia sur le Nil: Une Aventure de Luxe"},"content":{"rendered":"<p>Explorez le Nil en Dahabia, un bateau traditionnel offrant une exp\u00e9rience de croisi\u00e8re intime et luxueuse. D\u00e9couvrez les merveilles de l&rsquo;\u00c9gypte Ancienne tout en naviguant paisiblement sur ce fleuve l\u00e9gendaire.<\/p>\n<h2><span style=\"color: #b97f2e;\">Prix:<\/span><\/h2>\n<table style=\"width: 100%;\">\n<tbody>\n<tr style=\"background-color: #04cfcf;\">\n<th><\/th>\n<th><span style=\"color: #ffffff;\">5 jours\/4 nuits<\/span><\/th>\n<\/tr>\n<tr>\n<td><span style=\"font-weight: 400;\">\u00a0\u00c0 Partir<\/span><span style=\"font-weight: 400;\"> de\u00a0 1040\u00a0 Euros <\/span><\/td>\n<td>\u00a0 \u00a0 \u00a0 \u00a0 \u00a0 \u00a0 \u00a0Par personne en cabine double<\/td>\n<\/tr>\n<tr>\n<td>\n<div class=\"jet-table__cell-inner\">\n<div class=\"jet-table__cell-content\">\n<div class=\"jet-table__cell-text\"><span style=\"font-weight: 400;\">\u00a0\u00c0 Partir<\/span><span style=\"font-weight: 400;\"> de 1355\u00a0 \u00a0Euros<\/span><\/div>\n<\/div>\n<\/div>\n<\/td>\n<td>\u00a0 \u00a0 \u00a0 \u00a0 \u00a0 \u00a0 \u00a0 Par Cabine Individuelle<\/td>\n<\/tr>\n<\/tbody>\n<\/table>\n<h3><span style=\"color: #b97f2e;\">Noter:<\/span><\/h3>\n<h4><strong>R\u00e9servez maintenant et payez plus tard<\/strong><\/h4>\n<h3><span style=\"color: #b97f2e;\"><strong>Veuillez noter:<\/strong><\/span><\/h3>\n<p><span style=\"font-weight: 400;\">Le prix varie selon la taille du groupe et\u00a0 la date<\/span><\/p>\n<p>&nbsp;<\/p>\n","protected":false},"excerpt":{"rendered":"<p>Explorez le Nil en Dahabia, un bateau traditionnel offrant une exp\u00e9rience de croisi\u00e8re intime et luxueuse. D\u00e9couvrez les merveilles de l&rsquo;\u00c9gypte Ancienne tout en naviguant paisiblement sur ce fleuve l\u00e9gendaire. Prix: 5 jours\/4 nuits \u00a0\u00c0 Partir de\u00a0 1040\u00a0 Euros \u00a0 \u00a0 \u00a0 \u00a0 \u00a0 \u00a0 \u00a0Par personne en cabine double \u00a0\u00c0 Partir de 1355\u00a0 \u00a0Euros [&hellip;]<\/p>\n","protected":false},"featured_media":14563,"template":"","meta":[],"product_brand":[],"product_cat":[67],"product_tag":[],"class_list":{"0":"post-14608","1":"product","2":"type-product","3":"status-publish","4":"has-post-thumbnail","6":"product_cat-temple-fr","8":"first","9":"instock","10":"shipping-taxable","11":"product-type-ovabrw_car_rental"},"_links":{"self":[{"href":"https:\/\/egyptologisttourguide.com\/fr\/wp-json\/wp\/v2\/product\/14608","targetHints":{"allow":["GET"]}}],"collection":[{"href":"https:\/\/egyptologisttourguide.com\/fr\/wp-json\/wp\/v2\/product"}],"about":[{"href":"https:\/\/egyptologisttourguide.com\/fr\/wp-json\/wp\/v2\/types\/product"}],"wp:featuredmedia":[{"embeddable":true,"href":"https:\/\/egyptologisttourguide.com\/fr\/wp-json\/wp\/v2\/media\/14563"}],"wp:attachment":[{"href":"https:\/\/egyptologisttourguide.com\/fr\/wp-json\/wp\/v2\/media?parent=14608"}],"wp:term":[{"taxonomy":"product_brand","embeddable":true,"href":"https:\/\/egyptologisttourguide.com\/fr\/wp-json\/wp\/v2\/product_brand?post=14608"},{"taxonomy":"product_cat","embeddable":true,"href":"https:\/\/egyptologisttourguide.com\/fr\/wp-json\/wp\/v2\/product_cat?post=14608"},{"taxonomy":"product_tag","embeddable":true,"href":"https:\/\/egyptologisttourguide.com\/fr\/wp-json\/wp\/v2\/product_tag?post=14608"}],"curies":[{"name":"wp","href":"https:\/\/api.w.org\/{rel}","templated":true}]}}