{"id":14621,"date":"2024-10-03T13:11:35","date_gmt":"2024-10-03T13:11:35","guid":{"rendered":"https:\/\/egyptologisttourguide.com\/product\/discover-the-wonders-of-valleys-nobles-artesian-and-temple-of-habou\/"},"modified":"2024-12-19T22:39:05","modified_gmt":"2024-12-19T22:39:05","slug":"discover-the-wonders-of-valleys-nobles-artesian-and-temple-of-habou","status":"publish","type":"product","link":"https:\/\/egyptologisttourguide.com\/fr\/product\/discover-the-wonders-of-valleys-nobles-artesian-and-temple-of-habou\/","title":{"rendered":"Explorez les merveilles cach\u00e9es de Louxor"},"content":{"rendered":"<p><span style=\"font-weight: 400;\">Vivez une journ\u00e9e extraordinaire avec notre tour complet de Louxor. Explorez des sites m\u00e9connus mais fascinants tels que la Vall\u00e9e des Nobles, Deir el-Medina et le majestueux Temple de Habu. Une aventure immersive au c\u0153ur de l&rsquo;histoire \u00e9gyptienne vous attend.<\/span><\/p>\n<h2><span style=\"color: #b97f2e;\">Le prix:<\/span><\/h2>\n<p>&nbsp;<\/p>\n<p><span style=\"font-weight: 400;\">\u00c0 Partir<\/span><span style=\"font-weight: 400;\"> de\u00a0 32\u00a0 Euros\u00a0\u00a0\u00a0<\/span><\/p>\n<h3><span style=\"color: #b97f2e;\">Note:<\/span><\/h3>\n<p><b>R\u00e9servez maintenant et payez plus tard<\/b><\/p>\n<h3><span style=\"color: #b97f2e;\"><strong>Veuillez noter:<\/strong><\/span><\/h3>\n<p>&nbsp;<\/p>\n<p><span style=\"font-weight: 400;\">Le prix varie selon la taille du groupe et\u00a0 la date<\/span><\/p>\n","protected":false},"excerpt":{"rendered":"<p><span style=\"font-weight: 400;\">Notre tour unique vous emm\u00e8ne \u00e0 la Vall\u00e9e des Nobles, Deir el-Medina, et au Temple de Habu, o\u00f9 vous pourrez d\u00e9couvrir la fascinante histoire de l&rsquo;\u00c9gypte Antique.<\/span><\/p>\n","protected":false},"featured_media":14562,"template":"","meta":[],"product_brand":[],"product_cat":[67],"product_tag":[],"class_list":{"0":"post-14621","1":"product","2":"type-product","3":"status-publish","4":"has-post-thumbnail","6":"product_cat-temple-fr","8":"first","9":"instock","10":"shipping-taxable","11":"product-type-ovabrw_car_rental"},"_links":{"self":[{"href":"https:\/\/egyptologisttourguide.com\/fr\/wp-json\/wp\/v2\/product\/14621","targetHints":{"allow":["GET"]}}],"collection":[{"href":"https:\/\/egyptologisttourguide.com\/fr\/wp-json\/wp\/v2\/product"}],"about":[{"href":"https:\/\/egyptologisttourguide.com\/fr\/wp-json\/wp\/v2\/types\/product"}],"wp:featuredmedia":[{"embeddable":true,"href":"https:\/\/egyptologisttourguide.com\/fr\/wp-json\/wp\/v2\/media\/14562"}],"wp:attachment":[{"href":"https:\/\/egyptologisttourguide.com\/fr\/wp-json\/wp\/v2\/media?parent=14621"}],"wp:term":[{"taxonomy":"product_brand","embeddable":true,"href":"https:\/\/egyptologisttourguide.com\/fr\/wp-json\/wp\/v2\/product_brand?post=14621"},{"taxonomy":"product_cat","embeddable":true,"href":"https:\/\/egyptologisttourguide.com\/fr\/wp-json\/wp\/v2\/product_cat?post=14621"},{"taxonomy":"product_tag","embeddable":true,"href":"https:\/\/egyptologisttourguide.com\/fr\/wp-json\/wp\/v2\/product_tag?post=14621"}],"curies":[{"name":"wp","href":"https:\/\/api.w.org\/{rel}","templated":true}]}}