{"id":14643,"date":"2024-10-03T13:05:23","date_gmt":"2024-10-03T13:05:23","guid":{"rendered":"https:\/\/egyptologisttourguide.com\/product\/10-days-egypt-tour-package-a-journey-through-time\/"},"modified":"2024-12-19T22:43:23","modified_gmt":"2024-12-19T22:43:23","slug":"10-days-egypt-tour-package-a-journey-through-time","status":"publish","type":"product","link":"https:\/\/egyptologisttourguide.com\/fr\/product\/10-days-egypt-tour-package-a-journey-through-time\/","title":{"rendered":"10 jours en \u00c9gypte : Une odyss\u00e9e \u00e0 travers le temps"},"content":{"rendered":"<p><b>Introduction:<\/b><span style=\"font-weight: 400;\">\u00a0<\/span><\/p>\n<p><span style=\"font-weight: 400;\">D\u00e9couvrez l&rsquo;\u00c9gypte de mani\u00e8re inoubliable avec notre itin\u00e9raire de 10 jours . De la grandeur<\/span><\/p>\n<p><span style=\"font-weight: 400;\">des Pyramides du Caire \u00e0 une croisi\u00e8re luxueuse sur le Dahabia , en passant par les Temples majestueux de Louxor et les merveilles d&rsquo; Aswan , chaque jour est une immersion dans l&rsquo;histoire ancienne et la culture fascinante de l&rsquo;Egypte . Profitez de visites guid\u00e9es par des experts , de repas d\u00e9licieux et d&rsquo;h\u00e9bergement de luxe tout au long de ce voyage exceptionnel\u00a0 . Pr\u00e9parez-vous \u00e0 \u00eatre \u00e9merveill\u00e9 par les tr\u00e9sors mill\u00e9naires et les paysages enchanteurs qui font de l&rsquo;Egypte une destination unique.<\/span><\/p>\n<h2><span style=\"color: #b97f2e;\">Prix:<\/span><\/h2>\n<table style=\"width: 100%;\">\n<tbody>\n<tr style=\"background-color: #04cfcf;\">\n<th><\/th>\n<th><span style=\"color: #ffffff;\">10 jours\/9 nuits<\/span><\/th>\n<\/tr>\n<tr>\n<td><span style=\"font-weight: 400;\">\u00c0 Partir<\/span><span style=\"font-weight: 400;\"> de<\/span><\/td>\n<td>\u00a01150\u00a0 \u20ac\u00a0 \u00a0 Par personne en cabine double<\/td>\n<\/tr>\n<tr>\n<td>\n<div class=\"jet-table__cell-inner\">\n<div class=\"jet-table__cell-content\">\n<div class=\"jet-table__cell-text\"><span style=\"font-weight: 400;\">\u00c0 Partir<\/span><span style=\"font-weight: 400;\"> de<\/span><\/div>\n<\/div>\n<\/div>\n<\/td>\n<td>\u00a01495\u00a0 \u20ac\u00a0 \u00a0 Par Cabine Individuelle<\/td>\n<\/tr>\n<\/tbody>\n<\/table>\n<h3><span style=\"color: #b97f2e;\">Noter:<\/span><\/h3>\n<h4><strong>R\u00e9servez maintenant et payez plus tard<\/strong><\/h4>\n<h3><span style=\"color: #b97f2e;\"><strong>Veuillez noter:<\/strong><\/span><\/h3>\n<p><strong> Le prix peut changer selon la date.<\/strong><\/p>\n","protected":false},"excerpt":{"rendered":"<p>Partez pour 10 jours en \u00c9gypte, une aventure captivante m\u00ealant histoire ancienne et moderne, de la grandeur des pyramides \u00e0 une croisi\u00e8re sur le Nil.<\/p>\n","protected":false},"featured_media":14561,"template":"","meta":[],"product_brand":[],"product_cat":[67],"product_tag":[],"class_list":{"0":"post-14643","1":"product","2":"type-product","3":"status-publish","4":"has-post-thumbnail","6":"product_cat-temple-fr","8":"first","9":"instock","10":"shipping-taxable","11":"product-type-ovabrw_car_rental"},"_links":{"self":[{"href":"https:\/\/egyptologisttourguide.com\/fr\/wp-json\/wp\/v2\/product\/14643","targetHints":{"allow":["GET"]}}],"collection":[{"href":"https:\/\/egyptologisttourguide.com\/fr\/wp-json\/wp\/v2\/product"}],"about":[{"href":"https:\/\/egyptologisttourguide.com\/fr\/wp-json\/wp\/v2\/types\/product"}],"wp:featuredmedia":[{"embeddable":true,"href":"https:\/\/egyptologisttourguide.com\/fr\/wp-json\/wp\/v2\/media\/14561"}],"wp:attachment":[{"href":"https:\/\/egyptologisttourguide.com\/fr\/wp-json\/wp\/v2\/media?parent=14643"}],"wp:term":[{"taxonomy":"product_brand","embeddable":true,"href":"https:\/\/egyptologisttourguide.com\/fr\/wp-json\/wp\/v2\/product_brand?post=14643"},{"taxonomy":"product_cat","embeddable":true,"href":"https:\/\/egyptologisttourguide.com\/fr\/wp-json\/wp\/v2\/product_cat?post=14643"},{"taxonomy":"product_tag","embeddable":true,"href":"https:\/\/egyptologisttourguide.com\/fr\/wp-json\/wp\/v2\/product_tag?post=14643"}],"curies":[{"name":"wp","href":"https:\/\/api.w.org\/{rel}","templated":true}]}}