{"id":14667,"date":"2024-10-03T12:56:43","date_gmt":"2024-10-03T12:56:43","guid":{"rendered":"https:\/\/egyptologisttourguide.com\/product\/luxor-tours-6-day-egyptian-adventure-in-luxury\/"},"modified":"2024-12-19T22:45:35","modified_gmt":"2024-12-19T22:45:35","slug":"luxor-tours-6-day-egyptian-adventure-in-luxury","status":"publish","type":"product","link":"https:\/\/egyptologisttourguide.com\/fr\/product\/luxor-tours-6-day-egyptian-adventure-in-luxury\/","title":{"rendered":"Voyage Inoubliable de 6 Jours \u00e0 Louxor: Histoire et Luxe"},"content":{"rendered":"<p><span style=\"font-weight: 400;\">Plongez au c\u0153ur de l&rsquo;\u00c9gypte Ancienne avec notre circuit de 6 jours \u00e0 Louxor.\u00a0 et d\u00e9couvrez des sites historiques fascinants, des temples majestueux et des paysages \u00e0 couper le souffle. Une aventure inoubliable vous attend!<\/span><\/p>\n<h3><span style=\"color: #b97f2e;\">Le prix:<\/span><\/h3>\n<p><span style=\"font-weight: 400;\">\u00c0 Partir<\/span><span style=\"font-weight: 400;\"> de\u00a0 135\u00a0 Euros\u00a0\u00a0\u00a0<\/span><\/p>\n<h3><span style=\"color: #b97f2e;\">Note:<\/span><\/h3>\n<h4>R\u00e9servez maintenant et payez plus tard<\/h4>\n<h3><span style=\"color: #b97f2e;\"><strong>Veuillez noter:<\/strong><\/span><\/h3>\n<p><span style=\"font-weight: 400;\">Le prix varie selon la taille du groupe et\u00a0 la date<\/span><\/p>\n<p>&nbsp;<\/p>\n","protected":false},"excerpt":{"rendered":"<p>D\u00e9couvrez Louxor en 6 jours avec un s\u00e9jour dans un h\u00f4tel &#8230; Visitez les Temples Antiques, naviguez sur le Nil et plongez dans l&rsquo;Histoire \u00c9gyptienne!<\/p>\n","protected":false},"featured_media":14560,"template":"","meta":[],"product_brand":[],"product_cat":[67],"product_tag":[],"class_list":{"0":"post-14667","1":"product","2":"type-product","3":"status-publish","4":"has-post-thumbnail","6":"product_cat-temple-fr","8":"first","9":"instock","10":"shipping-taxable","11":"product-type-ovabrw_car_rental"},"_links":{"self":[{"href":"https:\/\/egyptologisttourguide.com\/fr\/wp-json\/wp\/v2\/product\/14667","targetHints":{"allow":["GET"]}}],"collection":[{"href":"https:\/\/egyptologisttourguide.com\/fr\/wp-json\/wp\/v2\/product"}],"about":[{"href":"https:\/\/egyptologisttourguide.com\/fr\/wp-json\/wp\/v2\/types\/product"}],"wp:featuredmedia":[{"embeddable":true,"href":"https:\/\/egyptologisttourguide.com\/fr\/wp-json\/wp\/v2\/media\/14560"}],"wp:attachment":[{"href":"https:\/\/egyptologisttourguide.com\/fr\/wp-json\/wp\/v2\/media?parent=14667"}],"wp:term":[{"taxonomy":"product_brand","embeddable":true,"href":"https:\/\/egyptologisttourguide.com\/fr\/wp-json\/wp\/v2\/product_brand?post=14667"},{"taxonomy":"product_cat","embeddable":true,"href":"https:\/\/egyptologisttourguide.com\/fr\/wp-json\/wp\/v2\/product_cat?post=14667"},{"taxonomy":"product_tag","embeddable":true,"href":"https:\/\/egyptologisttourguide.com\/fr\/wp-json\/wp\/v2\/product_tag?post=14667"}],"curies":[{"name":"wp","href":"https:\/\/api.w.org\/{rel}","templated":true}]}}