{"id":14680,"date":"2024-10-03T12:44:16","date_gmt":"2024-10-03T12:44:16","guid":{"rendered":"https:\/\/egyptologisttourguide.com\/product\/aswan-day-tour-of-marvels\/"},"modified":"2024-12-19T22:47:29","modified_gmt":"2024-12-19T22:47:29","slug":"aswan-day-tour-of-marvels","status":"publish","type":"product","link":"https:\/\/egyptologisttourguide.com\/fr\/product\/aswan-day-tour-of-marvels\/","title":{"rendered":"Explorez Assouan en une journ\u00e9e"},"content":{"rendered":"<p>Commencez votre journ\u00e9e par une rencontre avec votre guide local passionn\u00e9, pr\u00eat \u00e0 vous d\u00e9voiler les tr\u00e9sors d&rsquo;Assouan. Traversez les rues anim\u00e9es, impr\u00e9gnez-vous de la vie locale effervescente et plongez dans la culture \u00e9gyptienne. Pr\u00e9parez-vous \u00e0 \u00eatre impressionn\u00e9 !<\/p>\n<h2><span style=\"font-weight: 400;\">Le prix<\/span><\/h2>\n<p><span style=\"font-weight: 400;\">\u00a0<\/span><span style=\"font-weight: 400;\">\u00c0 Partir<\/span><span style=\"font-weight: 400;\"> de\u00a0 37\u00a0 Euros\u00a0\u00a0<\/span><\/p>\n<h3><span style=\"color: #b97f2e;\">Noter:<\/span><\/h3>\n<h4>R\u00e9servez maintenant et payez plus tard<\/h4>\n<h3><span style=\"color: #b97f2e;\"><strong>Veuillez noter:<\/strong><\/span><\/h3>\n<p><span style=\"font-weight: 400;\">Le prix varie selon la taille du groupe et\u00a0 la date<\/span><\/p>\n","protected":false},"excerpt":{"rendered":"<p><span style=\"font-weight: 400;\">Commencez votre journ\u00e9e par une rencontre avec votre guide local passionn\u00e9, pr\u00eat \u00e0 vous d\u00e9voiler les tr\u00e9sors d&rsquo;Assouan.<\/span><\/p>\n","protected":false},"featured_media":14543,"template":"","meta":[],"product_brand":[],"product_cat":[67],"product_tag":[],"class_list":{"0":"post-14680","1":"product","2":"type-product","3":"status-publish","4":"has-post-thumbnail","6":"product_cat-temple-fr","8":"first","9":"instock","10":"shipping-taxable","11":"product-type-ovabrw_car_rental"},"_links":{"self":[{"href":"https:\/\/egyptologisttourguide.com\/fr\/wp-json\/wp\/v2\/product\/14680","targetHints":{"allow":["GET"]}}],"collection":[{"href":"https:\/\/egyptologisttourguide.com\/fr\/wp-json\/wp\/v2\/product"}],"about":[{"href":"https:\/\/egyptologisttourguide.com\/fr\/wp-json\/wp\/v2\/types\/product"}],"wp:featuredmedia":[{"embeddable":true,"href":"https:\/\/egyptologisttourguide.com\/fr\/wp-json\/wp\/v2\/media\/14543"}],"wp:attachment":[{"href":"https:\/\/egyptologisttourguide.com\/fr\/wp-json\/wp\/v2\/media?parent=14680"}],"wp:term":[{"taxonomy":"product_brand","embeddable":true,"href":"https:\/\/egyptologisttourguide.com\/fr\/wp-json\/wp\/v2\/product_brand?post=14680"},{"taxonomy":"product_cat","embeddable":true,"href":"https:\/\/egyptologisttourguide.com\/fr\/wp-json\/wp\/v2\/product_cat?post=14680"},{"taxonomy":"product_tag","embeddable":true,"href":"https:\/\/egyptologisttourguide.com\/fr\/wp-json\/wp\/v2\/product_tag?post=14680"}],"curies":[{"name":"wp","href":"https:\/\/api.w.org\/{rel}","templated":true}]}}