{"id":14710,"date":"2024-10-03T11:10:01","date_gmt":"2024-10-03T11:10:01","guid":{"rendered":"https:\/\/egyptologisttourguide.com\/product\/luxor-to-aswan-tour-over-edfu-and-kom-ombo\/"},"modified":"2024-12-19T22:52:24","modified_gmt":"2024-12-19T22:52:24","slug":"luxor-to-aswan-tour-over-edfu-and-kom-ombo","status":"publish","type":"product","link":"https:\/\/egyptologisttourguide.com\/fr\/product\/luxor-to-aswan-tour-over-edfu-and-kom-ombo\/","title":{"rendered":"Une Aventure Imp\u00e9rissable de Louxor \u00e0 Assouan"},"content":{"rendered":"<p><span style=\"font-weight: 400;\">Commencez une aventure \u00e9gyptienne captivante de Louxor \u00e0 Assouan. D\u00e9couvrez des temples anciens, des histoires fascinantes et des paysages pittoresques en compagnie de guides experts.<\/span><\/p>\n<h2><span style=\"color: #b97f2e;\">Le prix:<\/span><\/h2>\n<p><span style=\"font-weight: 400;\">\u00c0 Partir<\/span><span style=\"font-weight: 400;\"> de\u00a0 45\u00a0 Euros \/ personne<\/span><\/p>\n<h3><span style=\"color: #b97f2e;\">Noter:<\/span><\/h3>\n<h4>R\u00e9servez maintenant et payez plus tard<\/h4>\n<h3><span style=\"color: #b97f2e;\"><strong>Veuillez noter:<\/strong><\/span><\/h3>\n<p><span style=\"font-weight: 400;\">Le prix varie selon la taille du groupe et\u00a0 la date<\/span><\/p>\n","protected":false},"excerpt":{"rendered":"<p><span style=\"font-weight: 400;\">D\u00e9couvrez les tr\u00e9sors anciens de l&rsquo;\u00c9gypte avec une visite guid\u00e9e de Louxor \u00e0 Assouan, incluant les Temples fascinants d&rsquo;Edfou et de Kom Ombo.<\/span><\/p>\n","protected":false},"featured_media":14902,"template":"","meta":[],"product_brand":[],"product_cat":[67],"product_tag":[],"class_list":{"0":"post-14710","1":"product","2":"type-product","3":"status-publish","4":"has-post-thumbnail","6":"product_cat-temple-fr","8":"first","9":"instock","10":"shipping-taxable","11":"product-type-ovabrw_car_rental"},"_links":{"self":[{"href":"https:\/\/egyptologisttourguide.com\/fr\/wp-json\/wp\/v2\/product\/14710","targetHints":{"allow":["GET"]}}],"collection":[{"href":"https:\/\/egyptologisttourguide.com\/fr\/wp-json\/wp\/v2\/product"}],"about":[{"href":"https:\/\/egyptologisttourguide.com\/fr\/wp-json\/wp\/v2\/types\/product"}],"wp:featuredmedia":[{"embeddable":true,"href":"https:\/\/egyptologisttourguide.com\/fr\/wp-json\/wp\/v2\/media\/14902"}],"wp:attachment":[{"href":"https:\/\/egyptologisttourguide.com\/fr\/wp-json\/wp\/v2\/media?parent=14710"}],"wp:term":[{"taxonomy":"product_brand","embeddable":true,"href":"https:\/\/egyptologisttourguide.com\/fr\/wp-json\/wp\/v2\/product_brand?post=14710"},{"taxonomy":"product_cat","embeddable":true,"href":"https:\/\/egyptologisttourguide.com\/fr\/wp-json\/wp\/v2\/product_cat?post=14710"},{"taxonomy":"product_tag","embeddable":true,"href":"https:\/\/egyptologisttourguide.com\/fr\/wp-json\/wp\/v2\/product_tag?post=14710"}],"curies":[{"name":"wp","href":"https:\/\/api.w.org\/{rel}","templated":true}]}}