{"id":14721,"date":"2024-10-03T10:49:50","date_gmt":"2024-10-03T10:49:50","guid":{"rendered":"https:\/\/egyptologisttourguide.com\/product\/hot-air-balloon-luxor-adventure\/"},"modified":"2024-12-18T13:37:22","modified_gmt":"2024-12-18T13:37:22","slug":"hot-air-balloon-luxor-adventure","status":"publish","type":"product","link":"https:\/\/egyptologisttourguide.com\/fr\/product\/hot-air-balloon-luxor-adventure\/","title":{"rendered":"Aventure en montgolfi\u00e8re \u00e0 Louxor."},"content":{"rendered":"<p><span style=\"font-weight: 400;\">Profitez d&rsquo;une incroyable aventure en montgolfi\u00e8re \u00e0 Louxor et d\u00e9couvrez le plus grand mus\u00e9e en plein air du monde depuis les cieux. Cette excursion matinale comprend un petit-d\u00e9jeuner l\u00e9ger et offre des vues in\u00e9gal\u00e9es sur les merveilles anciennes de Louxor, en faisant une exp\u00e9rience incontournable. <\/span><\/p>\n","protected":false},"excerpt":{"rendered":"<p><span style=\"font-weight: 400;\">Vivez la majest\u00e9 de Louxor depuis les cieux avec un vol en montgolfi\u00e8re \u00e0 Louxor. \u00c9merveillez-vous devant les merveilles anciennes et la beaut\u00e9 pittoresque d&rsquo;une mani\u00e8re unique et inoubliable. <\/span><\/p>\n","protected":false},"featured_media":14962,"template":"","meta":[],"product_brand":[],"product_cat":[67],"product_tag":[],"class_list":{"0":"post-14721","1":"product","2":"type-product","3":"status-publish","4":"has-post-thumbnail","6":"product_cat-temple-fr","8":"first","9":"instock","10":"shipping-taxable","11":"product-type-ovabrw_car_rental"},"_links":{"self":[{"href":"https:\/\/egyptologisttourguide.com\/fr\/wp-json\/wp\/v2\/product\/14721","targetHints":{"allow":["GET"]}}],"collection":[{"href":"https:\/\/egyptologisttourguide.com\/fr\/wp-json\/wp\/v2\/product"}],"about":[{"href":"https:\/\/egyptologisttourguide.com\/fr\/wp-json\/wp\/v2\/types\/product"}],"wp:featuredmedia":[{"embeddable":true,"href":"https:\/\/egyptologisttourguide.com\/fr\/wp-json\/wp\/v2\/media\/14962"}],"wp:attachment":[{"href":"https:\/\/egyptologisttourguide.com\/fr\/wp-json\/wp\/v2\/media?parent=14721"}],"wp:term":[{"taxonomy":"product_brand","embeddable":true,"href":"https:\/\/egyptologisttourguide.com\/fr\/wp-json\/wp\/v2\/product_brand?post=14721"},{"taxonomy":"product_cat","embeddable":true,"href":"https:\/\/egyptologisttourguide.com\/fr\/wp-json\/wp\/v2\/product_cat?post=14721"},{"taxonomy":"product_tag","embeddable":true,"href":"https:\/\/egyptologisttourguide.com\/fr\/wp-json\/wp\/v2\/product_tag?post=14721"}],"curies":[{"name":"wp","href":"https:\/\/api.w.org\/{rel}","templated":true}]}}