{"id":14727,"date":"2024-10-03T10:47:04","date_gmt":"2024-10-03T10:47:04","guid":{"rendered":"https:\/\/egyptologisttourguide.com\/product\/wonders-on-a-dendera-temple-tour-from-luxor\/"},"modified":"2024-12-19T22:54:26","modified_gmt":"2024-12-19T22:54:26","slug":"wonders-on-a-dendera-temple-tour-from-luxor","status":"publish","type":"product","link":"https:\/\/egyptologisttourguide.com\/fr\/product\/wonders-on-a-dendera-temple-tour-from-luxor\/","title":{"rendered":"D\u00e9couvrez le Temple de Dendera: Excursion Priv\u00e9e Unique!"},"content":{"rendered":"<p><span style=\"font-weight: 400;\">\u00a0Excursion priv\u00e9e d&rsquo;une demi-journ\u00e9e au temple de Dendera au d\u00e9part de Louxor<\/span><\/p>\n<h3><span style=\"color: #b97f2e;\">Le prix<\/span><span style=\"font-weight: 400;\">\u00a0 \u00a0 \u00a0 \u00a0 \u00a0 \u00a0 \u00a0\u00a0<\/span><\/h3>\n<p><span style=\"font-weight: 400;\">\u00c0 Partir<\/span><span style=\"font-weight: 400;\"> de\u00a0 32 Euros \u00a0 <\/span><\/p>\n<h3><span style=\"color: #b97f2e;\">Noter:<\/span><\/h3>\n<h4>R\u00e9servez maintenant et payez plus tard<\/h4>\n<h3><span style=\"color: #b97f2e;\"><strong>Veuillez noter:<\/strong><\/span><\/h3>\n<p><span style=\"font-weight: 400;\">Le prix varie selon la taille du groupe et\u00a0 la date<\/span><\/p>\n","protected":false},"excerpt":{"rendered":"<p>Partez pour une excursion priv\u00e9e au temple de Dendera depuis Louxor et d\u00e9couvrez les merveilles de l&rsquo;\u00c9gypte Ancienne.<\/p>\n","protected":false},"featured_media":14888,"template":"","meta":[],"product_brand":[],"product_cat":[67],"product_tag":[],"class_list":{"0":"post-14727","1":"product","2":"type-product","3":"status-publish","4":"has-post-thumbnail","6":"product_cat-temple-fr","8":"first","9":"instock","10":"shipping-taxable","11":"product-type-ovabrw_car_rental"},"_links":{"self":[{"href":"https:\/\/egyptologisttourguide.com\/fr\/wp-json\/wp\/v2\/product\/14727","targetHints":{"allow":["GET"]}}],"collection":[{"href":"https:\/\/egyptologisttourguide.com\/fr\/wp-json\/wp\/v2\/product"}],"about":[{"href":"https:\/\/egyptologisttourguide.com\/fr\/wp-json\/wp\/v2\/types\/product"}],"wp:featuredmedia":[{"embeddable":true,"href":"https:\/\/egyptologisttourguide.com\/fr\/wp-json\/wp\/v2\/media\/14888"}],"wp:attachment":[{"href":"https:\/\/egyptologisttourguide.com\/fr\/wp-json\/wp\/v2\/media?parent=14727"}],"wp:term":[{"taxonomy":"product_brand","embeddable":true,"href":"https:\/\/egyptologisttourguide.com\/fr\/wp-json\/wp\/v2\/product_brand?post=14727"},{"taxonomy":"product_cat","embeddable":true,"href":"https:\/\/egyptologisttourguide.com\/fr\/wp-json\/wp\/v2\/product_cat?post=14727"},{"taxonomy":"product_tag","embeddable":true,"href":"https:\/\/egyptologisttourguide.com\/fr\/wp-json\/wp\/v2\/product_tag?post=14727"}],"curies":[{"name":"wp","href":"https:\/\/api.w.org\/{rel}","templated":true}]}}