{"id":14730,"date":"2024-10-03T10:31:23","date_gmt":"2024-10-03T10:31:23","guid":{"rendered":"https:\/\/egyptologisttourguide.com\/product\/unforgettable-private-luxor-full-day-tour\/"},"modified":"2024-12-19T22:56:54","modified_gmt":"2024-12-19T22:56:54","slug":"unforgettable-private-luxor-full-day-tour","status":"publish","type":"product","link":"https:\/\/egyptologisttourguide.com\/fr\/product\/unforgettable-private-luxor-full-day-tour\/","title":{"rendered":"Excursion priv\u00e9e inoubliable d&rsquo;une journ\u00e9e compl\u00e8te \u00e0 Louxor."},"content":{"rendered":"<p>D\u00e9couvrez les merveilles de Louxor avec une captivante excursion d&rsquo;une journ\u00e9e \u00e0 Louxor qui vous emm\u00e8ne \u00e0 travers les rives historiques est et ouest. Cette visite priv\u00e9e d&rsquo;une journ\u00e9e compl\u00e8te est con\u00e7ue pour mettre en valeur les sites les plus embl\u00e9matiques de Louxor, offrant un enrichissant m\u00e9lange d&rsquo;histoire, de culture et d&rsquo;architecture \u00e0 couper le souffle.<\/p>\n<p>&nbsp;<\/p>\n<p>&nbsp;<\/p>\n<p><span style=\"color: #b97f2e;\">Prix<\/span><\/p>\n<p><b>\u00c0 partir de<\/b><b> 45 Euro \/ personne <\/b><\/p>\n<h3><span style=\"color: #b97f2e;\">Note :<\/span><\/h3>\n<h4>R\u00e9servez maintenant et payez plus tard<\/h4>\n<h3><span style=\"color: #b97f2e;\"><strong>Veuillez noter :<\/strong><\/span><\/h3>\n<p><b>Le prix varie en fonction de la taille du groupe et de la date.<\/b><\/p>\n","protected":false},"excerpt":{"rendered":"<p><span style=\"font-weight: 400;\">D\u00e9couvrez l&rsquo;excursion rive Est et Ouest \u00e0 Louxor, visitant les tr\u00e9sors historiques tels que la Vall\u00e9e des Rois et le Temple de Karnak.<\/span><\/p>\n","protected":false},"featured_media":14551,"template":"","meta":[],"product_brand":[],"product_cat":[67],"product_tag":[],"class_list":{"0":"post-14730","1":"product","2":"type-product","3":"status-publish","4":"has-post-thumbnail","6":"product_cat-temple-fr","8":"first","9":"instock","10":"shipping-taxable","11":"product-type-ovabrw_car_rental"},"_links":{"self":[{"href":"https:\/\/egyptologisttourguide.com\/fr\/wp-json\/wp\/v2\/product\/14730","targetHints":{"allow":["GET"]}}],"collection":[{"href":"https:\/\/egyptologisttourguide.com\/fr\/wp-json\/wp\/v2\/product"}],"about":[{"href":"https:\/\/egyptologisttourguide.com\/fr\/wp-json\/wp\/v2\/types\/product"}],"wp:featuredmedia":[{"embeddable":true,"href":"https:\/\/egyptologisttourguide.com\/fr\/wp-json\/wp\/v2\/media\/14551"}],"wp:attachment":[{"href":"https:\/\/egyptologisttourguide.com\/fr\/wp-json\/wp\/v2\/media?parent=14730"}],"wp:term":[{"taxonomy":"product_brand","embeddable":true,"href":"https:\/\/egyptologisttourguide.com\/fr\/wp-json\/wp\/v2\/product_brand?post=14730"},{"taxonomy":"product_cat","embeddable":true,"href":"https:\/\/egyptologisttourguide.com\/fr\/wp-json\/wp\/v2\/product_cat?post=14730"},{"taxonomy":"product_tag","embeddable":true,"href":"https:\/\/egyptologisttourguide.com\/fr\/wp-json\/wp\/v2\/product_tag?post=14730"}],"curies":[{"name":"wp","href":"https:\/\/api.w.org\/{rel}","templated":true}]}}