{"id":14739,"date":"2024-10-03T10:00:52","date_gmt":"2024-10-03T10:00:52","guid":{"rendered":"https:\/\/egyptologisttourguide.com\/product\/cairo-4-days-escape\/"},"modified":"2024-12-19T22:59:50","modified_gmt":"2024-12-19T22:59:50","slug":"cairo-4-days-escape","status":"publish","type":"product","link":"https:\/\/egyptologisttourguide.com\/fr\/product\/cairo-4-days-escape\/","title":{"rendered":"Le Caire en 4 jours"},"content":{"rendered":"<p><span style=\"font-weight: 400;\">Plongez dans l&rsquo;\u00e9treinte vibrante du Caire, une ville o\u00f9 les sables du temps chuchotent des r\u00e9cits de Pharaons et o\u00f9 les souks d\u00e9bordent de tr\u00e9sors exotiques. Cet itin\u00e9raire m\u00e9ticuleusement \u00e9labor\u00e9 de 4 jours vous promet une odyss\u00e9e inoubliable \u00e0 travers la \u00ab\u00a0Cit\u00e9 aux Mille Minarets\u00a0\u00bb, o\u00f9 des monuments embl\u00e9matiques c\u00f4toient des joyaux cach\u00e9s qui n&rsquo;attendent qu&rsquo;\u00e0 \u00eatre d\u00e9couverts.<\/span><\/p>\n<h3><span style=\"color: #b97f2e;\">Des prix:<\/span><\/h3>\n<h3><span style=\"color: #b97f2e;\"><span style=\"font-weight: 400;\">\u00c0 Partir<\/span><span style=\"font-weight: 400;\"> de\u00a0 84 Euros\u00a0<\/span><\/span><\/h3>\n<p>&nbsp;<\/p>\n<p><span style=\"font-weight: 400;\">Noter<\/span><\/p>\n<p><span style=\"font-weight: 400;\">R\u00e9servez maintenant et payez plus tard<\/span><\/p>\n<h4><\/h4>\n<h3><span style=\"color: #b97f2e;\"><strong>Veuillez noter:<\/strong><\/span><\/h3>\n<p><span style=\"font-weight: 400;\">Le prix varie selon la taille du groupe et\u00a0 la date<\/span><\/p>\n","protected":false},"excerpt":{"rendered":"<p>Plongez dans l&rsquo;\u00e9treinte vibrante du Caire, une ville o\u00f9 les sables du temps chuchotent des r\u00e9cits de Pharaons et o\u00f9 les souks d\u00e9bordent de tr\u00e9sors exotiques.<\/p>\n","protected":false},"featured_media":14884,"template":"","meta":[],"product_brand":[],"product_cat":[67],"product_tag":[],"class_list":{"0":"post-14739","1":"product","2":"type-product","3":"status-publish","4":"has-post-thumbnail","6":"product_cat-temple-fr","8":"first","9":"instock","10":"shipping-taxable","11":"product-type-ovabrw_car_rental"},"_links":{"self":[{"href":"https:\/\/egyptologisttourguide.com\/fr\/wp-json\/wp\/v2\/product\/14739","targetHints":{"allow":["GET"]}}],"collection":[{"href":"https:\/\/egyptologisttourguide.com\/fr\/wp-json\/wp\/v2\/product"}],"about":[{"href":"https:\/\/egyptologisttourguide.com\/fr\/wp-json\/wp\/v2\/types\/product"}],"wp:featuredmedia":[{"embeddable":true,"href":"https:\/\/egyptologisttourguide.com\/fr\/wp-json\/wp\/v2\/media\/14884"}],"wp:attachment":[{"href":"https:\/\/egyptologisttourguide.com\/fr\/wp-json\/wp\/v2\/media?parent=14739"}],"wp:term":[{"taxonomy":"product_brand","embeddable":true,"href":"https:\/\/egyptologisttourguide.com\/fr\/wp-json\/wp\/v2\/product_brand?post=14739"},{"taxonomy":"product_cat","embeddable":true,"href":"https:\/\/egyptologisttourguide.com\/fr\/wp-json\/wp\/v2\/product_cat?post=14739"},{"taxonomy":"product_tag","embeddable":true,"href":"https:\/\/egyptologisttourguide.com\/fr\/wp-json\/wp\/v2\/product_tag?post=14739"}],"curies":[{"name":"wp","href":"https:\/\/api.w.org\/{rel}","templated":true}]}}