{"id":14760,"date":"2024-10-02T08:04:16","date_gmt":"2024-10-02T08:04:16","guid":{"rendered":"https:\/\/egyptologisttourguide.com\/product\/unravel-ancient-mysteries-on-a-3-night-nile-cruise-aswan-luxor\/"},"modified":"2024-12-19T23:02:25","modified_gmt":"2024-12-19T23:02:25","slug":"unravel-ancient-mysteries-on-a-3-night-nile-cruise-aswan-luxor","status":"publish","type":"product","link":"https:\/\/egyptologisttourguide.com\/fr\/product\/unravel-ancient-mysteries-on-a-3-night-nile-cruise-aswan-luxor\/","title":{"rendered":"Croisi\u00e8re sur le Nil de 4 jours entre Assouan et Louxor"},"content":{"rendered":"<p>Plongez dans une aventure inoubliable avec notre croisi\u00e8re de 4 jours sur le Nil entre Assouan et Louxor. Ce voyage enchanteur vous emm\u00e8nera \u00e0 travers les tr\u00e9sors historiques de l&rsquo;\u00c9gypte ancienne, des temples majestueux de Philae et Kom Ombo \u00e0 la grandeur des sites de Louxor. Naviguez sur les eaux scintillantes du Nil, explorez des monuments mill\u00e9naires et d\u00e9couvrez la riche histoire et la culture fascinante de cette civilisation l\u00e9gendaire. Une exp\u00e9rience unique et m\u00e9morable vous attend.<\/p>\n<h3><span style=\"color: #b97f2e;\">Prix:<\/span><\/h3>\n<table style=\"width: 100%;\">\n<tbody>\n<tr style=\"background-color: #04cfcf;\">\n<th><\/th>\n<th><span style=\"color: #ffffff;\">4 jours\/3 nuits<\/span><\/th>\n<\/tr>\n<tr>\n<td>\u00a0 \u00a0 \u00c0 Partir de<\/td>\n<td><span style=\"font-weight: 400;\">\u00a0 490\u00a0 Euros\u00a0 <\/span><span style=\"font-family: inherit; font-size: inherit;\">Par personne en cabine double\u00a0\u00a0<\/span><\/td>\n<\/tr>\n<tr>\n<td>\n<div class=\"jet-table__cell-inner\">\n<div class=\"jet-table__cell-content\">\n<div class=\"jet-table__cell-text\">\u00a0 \u00a0 <span style=\"font-weight: 400;\">\u00c0 Partir<\/span><span style=\"font-weight: 400;\"> de<\/span><\/div>\n<\/div>\n<\/div>\n<\/td>\n<td><span style=\"font-weight: 400;\">\u00a0 645\u00a0 Euros<\/span>\u00a0 Par Cabine Individuelle<\/td>\n<\/tr>\n<\/tbody>\n<\/table>\n<h3><span style=\"color: #b97f2e;\">Noter:<\/span><\/h3>\n<h4><strong>R\u00e9servez maintenant et payez plus tard<\/strong><\/h4>\n<h3><span style=\"color: #b97f2e;\"><strong>Veuillez noter:<\/strong><\/span><\/h3>\n<p><span style=\"font-weight: 400;\">Le prix varie selon la taille du groupe et\u00a0 la date<\/span><\/p>\n<p>&nbsp;<\/p>\n","protected":false},"excerpt":{"rendered":"<p>Plongez dans une aventure inoubliable avec notre croisi\u00e8re de 4 jours sur le Nil entre Assouan et Louxor. Ce voyage enchanteur vous emm\u00e8nera \u00e0 travers les tr\u00e9sors historiques de l&rsquo;\u00c9gypte ancienne, des temples majestueux de Philae et Kom Ombo \u00e0 la grandeur des sites de Louxor. Naviguez sur les eaux scintillantes du Nil, explorez des [&hellip;]<\/p>\n","protected":false},"featured_media":14541,"template":"","meta":[],"product_brand":[],"product_cat":[67],"product_tag":[],"class_list":{"0":"post-14760","1":"product","2":"type-product","3":"status-publish","4":"has-post-thumbnail","6":"product_cat-temple-fr","8":"first","9":"instock","10":"shipping-taxable","11":"product-type-ovabrw_car_rental"},"_links":{"self":[{"href":"https:\/\/egyptologisttourguide.com\/fr\/wp-json\/wp\/v2\/product\/14760","targetHints":{"allow":["GET"]}}],"collection":[{"href":"https:\/\/egyptologisttourguide.com\/fr\/wp-json\/wp\/v2\/product"}],"about":[{"href":"https:\/\/egyptologisttourguide.com\/fr\/wp-json\/wp\/v2\/types\/product"}],"wp:featuredmedia":[{"embeddable":true,"href":"https:\/\/egyptologisttourguide.com\/fr\/wp-json\/wp\/v2\/media\/14541"}],"wp:attachment":[{"href":"https:\/\/egyptologisttourguide.com\/fr\/wp-json\/wp\/v2\/media?parent=14760"}],"wp:term":[{"taxonomy":"product_brand","embeddable":true,"href":"https:\/\/egyptologisttourguide.com\/fr\/wp-json\/wp\/v2\/product_brand?post=14760"},{"taxonomy":"product_cat","embeddable":true,"href":"https:\/\/egyptologisttourguide.com\/fr\/wp-json\/wp\/v2\/product_cat?post=14760"},{"taxonomy":"product_tag","embeddable":true,"href":"https:\/\/egyptologisttourguide.com\/fr\/wp-json\/wp\/v2\/product_tag?post=14760"}],"curies":[{"name":"wp","href":"https:\/\/api.w.org\/{rel}","templated":true}]}}